{"id":908,"date":"2018-12-20T11:06:23","date_gmt":"2018-12-20T08:06:23","guid":{"rendered":"http:\/\/alfadestek.com\/turkojen\/?page_id=908"},"modified":"2018-12-21T17:34:50","modified_gmt":"2018-12-21T14:34:50","slug":"yavuz-dizel-motorlu-jenerator-2-3","status":"publish","type":"page","link":"https:\/\/www.turkojen.com.tr\/index.php\/urunlerimiz\/jeneratorler\/yavuz-dizel-motorlu-jenerator-2-3\/","title":{"rendered":"Perkins Jenerat\u00f6r"},"content":{"rendered":"<p>[vc_row][vc_column width=&#8221;1\/4&#8243;][vc_column_text]<img loading=\"lazy\" class=\"alignnone size-medium wp-image-909\" src=\"http:\/\/alfadestek.com\/turkojen\/wp-content\/uploads\/2018\/12\/perkins-jenerator-300x241.png\" alt=\"\" width=\"300\" height=\"241\" srcset=\"https:\/\/www.turkojen.com.tr\/wp-content\/uploads\/2018\/12\/perkins-jenerator-300x241.png 300w, https:\/\/www.turkojen.com.tr\/wp-content\/uploads\/2018\/12\/perkins-jenerator.png 742w\" sizes=\"(max-width: 300px) 100vw, 300px\" \/>[\/vc_column_text][\/vc_column][vc_column width=&#8221;3\/4&#8243;][vc_column_text]<\/p>\n<div class=\"urunler-grid-ic\">\n<h2>Teknik \u00d6zellik Tablolar\u0131<\/h2>\n<div class=\"tablo2\">\n<table>\n<tbody>\n<tr>\n<td colspan=\"7\">MODEL<\/td>\n<\/tr>\n<tr>\n<td colspan=\"3\">GRUP<\/td>\n<td>TPD 50<\/td>\n<td>TPD 80<\/td>\n<td>TPD 110<\/td>\n<td>TPD 150<\/td>\n<\/tr>\n<tr>\n<td rowspan=\"4\">G\u00fc\u00e7<\/td>\n<td rowspan=\"4\">\n<table border=\"0\" width=\"100%\" cellspacing=\"0\" cellpadding=\"0\">\n<tbody>\n<tr>\n<td align=\"center\" height=\"40\">Stand By<\/td>\n<\/tr>\n<tr>\n<td align=\"center\" height=\"37\">Prime<\/td>\n<\/tr>\n<\/tbody>\n<\/table>\n<\/td>\n<td>kVA<\/td>\n<td>40<\/td>\n<td>80<\/td>\n<td>110<\/td>\n<td>150<\/td>\n<\/tr>\n<tr>\n<td>kW<\/td>\n<td>40<\/td>\n<td>64<\/td>\n<td>88<\/td>\n<td>120<\/td>\n<\/tr>\n<tr>\n<td>kVA<\/td>\n<td>45<\/td>\n<td>73<\/td>\n<td>99<\/td>\n<td>135<\/td>\n<\/tr>\n<tr>\n<td>kW<\/td>\n<td>36<\/td>\n<td>58,4<\/td>\n<td>79,2<\/td>\n<td>108<\/td>\n<\/tr>\n<tr>\n<td rowspan=\"3\">Ebatlar<\/td>\n<td>En<\/td>\n<td>mm<\/td>\n<td>700<\/td>\n<td>800<\/td>\n<td>800<\/td>\n<td>900<\/td>\n<\/tr>\n<tr>\n<td>Boy<\/td>\n<td>mm<\/td>\n<td>1750<\/td>\n<td>2100<\/td>\n<td>2300<\/td>\n<td>2680<\/td>\n<\/tr>\n<tr>\n<td>Y\u00fckseklik<\/td>\n<td>mm<\/td>\n<td>1400<\/td>\n<td>1300<\/td>\n<td>1350<\/td>\n<td>1350<\/td>\n<\/tr>\n<tr>\n<td colspan=\"2\">A\u011f\u0131rl\u0131k \/ Weight<\/td>\n<td>kg<\/td>\n<td>1015<\/td>\n<td>1100<\/td>\n<td>1250<\/td>\n<td>1670<\/td>\n<\/tr>\n<\/tbody>\n<\/table>\n<\/div>\n<\/div>\n<div class=\"clear\"><\/div>\n<div class=\"urunler-grid-ic\">\n<div class=\"tablo2\">\n<table>\n<tbody>\n<tr>\n<td class=\"yaz3\" colspan=\"7\">D\u0130ZEL MOTOR<\/td>\n<\/tr>\n<tr>\n<td colspan=\"2\">Markas\u0131<\/td>\n<td><\/td>\n<td>PERKINS<\/td>\n<td><\/td>\n<td><\/td>\n<td><\/td>\n<\/tr>\n<tr>\n<td colspan=\"2\">Modeli<\/td>\n<td><\/td>\n<td>1004 G<\/td>\n<td>1004 TG2<\/td>\n<td>1006 TG2A<\/td>\n<td>106 TAG<\/td>\n<\/tr>\n<tr>\n<td rowspan=\"2\">Motor G\u00fcc\u00fc<\/td>\n<td>Stand By<\/td>\n<td>kW<\/td>\n<td>47,5<\/td>\n<td>77,5<\/td>\n<td>110<\/td>\n<td>133,5<\/td>\n<\/tr>\n<tr>\n<td>Prime<\/td>\n<td>kW<\/td>\n<td>42,8<\/td>\n<td>70<\/td>\n<td>99<\/td>\n<td>121<\/td>\n<\/tr>\n<tr>\n<td colspan=\"2\">Motor Devri<\/td>\n<td>dev\/dk.\/rpm<\/td>\n<td colspan=\"4\">1500<\/td>\n<\/tr>\n<tr>\n<td colspan=\"2\">Zaman<\/td>\n<td><\/td>\n<td colspan=\"4\">4 Zamanl\u0131<\/td>\n<\/tr>\n<tr>\n<td colspan=\"2\">Silindir Hacmi ent<\/td>\n<td>lt.<\/td>\n<td colspan=\"2\">3,99<\/td>\n<td colspan=\"2\">5,99<\/td>\n<\/tr>\n<tr>\n<td colspan=\"2\">Silindir Say\u0131s\u0131 ve Dizili\u015fi<\/td>\n<td><\/td>\n<td colspan=\"4\">4 tek s\u0131ra<\/td>\n<\/tr>\n<tr>\n<td colspan=\"2\">Piston \u00c7ap\u0131 x Strok<\/td>\n<td>mm<\/td>\n<td>100 x 127<\/td>\n<td>100 x 127<\/td>\n<td>104 x 115<\/td>\n<td>120 x 127<\/td>\n<\/tr>\n<tr>\n<td colspan=\"2\">S\u0131k\u0131\u015ft\u0131rma Oran\u0131<\/td>\n<td><\/td>\n<td>16:1<\/td>\n<td>16:1<\/td>\n<td>17:1<\/td>\n<td>16:1<\/td>\n<\/tr>\n<tr>\n<td colspan=\"2\">Govern\u00f6r Tipi<\/td>\n<td><\/td>\n<td colspan=\"4\">Mekanik<\/td>\n<\/tr>\n<tr>\n<td colspan=\"2\">Emme Sistemi<\/td>\n<td><\/td>\n<td>Do\u011fal<\/td>\n<td>Turbo<\/td>\n<td>Turbo<\/td>\n<td>Turbo Aftercooler<\/td>\n<\/tr>\n<tr>\n<td colspan=\"2\">P\u00fcsk\u00fcrtme \u015eekli<\/td>\n<td><\/td>\n<td colspan=\"4\">Direkt<\/td>\n<\/tr>\n<tr>\n<td colspan=\"2\">D\u00f6n\u00fc\u015f Y\u00f6n\u00fc<\/td>\n<td><\/td>\n<td colspan=\"4\">Volant Taraf\u0131ndan Bak\u0131ld\u0131\u011f\u0131nda Saatin Ters Y\u00f6n\u00fcnde<\/td>\n<\/tr>\n<tr>\n<td colspan=\"2\">So\u011futma \u015eekli<\/td>\n<td><\/td>\n<td colspan=\"4\">Su So\u011futmal\u0131, De\u011fi\u015febilir Sulu G\u00f6mlekli<\/td>\n<\/tr>\n<tr>\n<td rowspan=\"2\">Yak\u0131t Sarfiyat\u0131<br \/>\nFuel Consumption<\/td>\n<td>Tam Y\u00fckte<\/td>\n<td>lt<\/td>\n<td>14,7<\/td>\n<td>17,9<\/td>\n<td>24,3<\/td>\n<td>31,5<\/td>\n<\/tr>\n<tr>\n<td>%50 Y\u00fckte<\/td>\n<td>lt<\/td>\n<td>7,4<\/td>\n<td>9,2<\/td>\n<td>12,3<\/td>\n<td>16,5<\/td>\n<\/tr>\n<tr>\n<td colspan=\"2\">Yak\u0131t Tank\u0131 Kapasitesi<\/td>\n<td>lt<\/td>\n<td>180<\/td>\n<td>250<\/td>\n<td>270<\/td>\n<td>350<\/td>\n<\/tr>\n<tr>\n<td colspan=\"2\">Motor Ya\u011f\u0131 Kapasitesi<\/td>\n<td>lt<\/td>\n<td>8,1<\/td>\n<td>8,5<\/td>\n<td>16,1<\/td>\n<td>19<\/td>\n<\/tr>\n<tr>\n<td colspan=\"2\">Motor Suyu Kapasitesi<\/td>\n<td>lt<\/td>\n<td>21<\/td>\n<td>22<\/td>\n<td>22<\/td>\n<td>37<\/td>\n<\/tr>\n<\/tbody>\n<\/table>\n<\/div>\n<\/div>\n<div class=\"clear\"><\/div>\n<div class=\"urunler-grid-ic\">\n<div class=\"tablo2\">\n<table>\n<tbody>\n<tr>\n<td colspan=\"7\">ALTERNAT\u00d6R \/ ALTERNATOR<\/td>\n<\/tr>\n<tr>\n<td rowspan=\"2\">G\u00fc\u00e7 \/ Power<\/td>\n<td rowspan=\"2\">Stand By<\/td>\n<td>kVA<\/td>\n<td>50<\/td>\n<td>80<\/td>\n<td>110<\/td>\n<td>150<\/td>\n<\/tr>\n<tr>\n<td>kW<\/td>\n<td>40<\/td>\n<td>64<\/td>\n<td>88<\/td>\n<td>120<\/td>\n<\/tr>\n<tr>\n<td colspan=\"3\">Gerilim Tolerans\u0131<\/td>\n<td colspan=\"4\">(+,-) %1<\/td>\n<\/tr>\n<tr>\n<td colspan=\"2\">Frekans<\/td>\n<td>Hz.<\/td>\n<td colspan=\"4\">50<\/td>\n<\/tr>\n<tr>\n<td colspan=\"2\">Devir<\/td>\n<td>dev\/dk.<\/td>\n<td colspan=\"4\">1500<\/td>\n<\/tr>\n<tr>\n<td colspan=\"2\">\u0130zolasyon Dayan\u0131m\u0131 Min<\/td>\n<td>Volt<\/td>\n<td colspan=\"4\">1760<\/td>\n<\/tr>\n<tr>\n<td colspan=\"2\">K\u0131sa Devre Ak\u0131m\u0131<\/td>\n<td>(10 sec)<\/td>\n<td colspan=\"4\">%300<\/td>\n<\/tr>\n<tr>\n<td colspan=\"2\">\u0130zolasyon<\/td>\n<td><\/td>\n<td colspan=\"4\">H<\/td>\n<\/tr>\n<tr>\n<td colspan=\"2\">Koruma<\/td>\n<td><\/td>\n<td colspan=\"4\">IP 23<\/td>\n<\/tr>\n<tr>\n<td colspan=\"2\">Alternat\u00f6r Verimi<\/td>\n<td><\/td>\n<td>%85<\/td>\n<td>%88<\/td>\n<td>%89<\/td>\n<td>%90<\/td>\n<\/tr>\n<tr>\n<td colspan=\"2\">A\u015f\u0131r\u0131 Y\u00fcklerde \u00c7al\u0131\u015fma Zaman\u0131<\/td>\n<td><\/td>\n<td colspan=\"4\">1 saatte %110<\/td>\n<\/tr>\n<\/tbody>\n<\/table>\n<\/div>\n<\/div>\n<p>[\/vc_column_text][\/vc_column][\/vc_row]<\/p>\n","protected":false},"excerpt":{"rendered":"<p>[vc_row][vc_column width=&#8221;1\/4&#8243;][vc_column_text][\/vc_column_text][\/vc_column][vc_column width=&#8221;3\/4&#8243;][vc_column_text] Teknik \u00d6zellik Tablolar\u0131 MODEL GRUP TPD 50 TPD 80 TPD 110 TPD 150 G\u00fc\u00e7 Stand By Prime kVA 40 80 110 150 kW 40 64 88 120 kVA 45 73 99 135 kW 36 58,4 79,2 108 Ebatlar En mm 700 800 800 900 Boy mm 1750 2100 2300 2680 Y\u00fckseklik mm [&hellip;]<\/p>\n","protected":false},"author":1,"featured_media":982,"parent":873,"menu_order":0,"comment_status":"closed","ping_status":"closed","template":"","meta":[],"_links":{"self":[{"href":"https:\/\/www.turkojen.com.tr\/index.php\/wp-json\/wp\/v2\/pages\/908"}],"collection":[{"href":"https:\/\/www.turkojen.com.tr\/index.php\/wp-json\/wp\/v2\/pages"}],"about":[{"href":"https:\/\/www.turkojen.com.tr\/index.php\/wp-json\/wp\/v2\/types\/page"}],"author":[{"embeddable":true,"href":"https:\/\/www.turkojen.com.tr\/index.php\/wp-json\/wp\/v2\/users\/1"}],"replies":[{"embeddable":true,"href":"https:\/\/www.turkojen.com.tr\/index.php\/wp-json\/wp\/v2\/comments?post=908"}],"version-history":[{"count":1,"href":"https:\/\/www.turkojen.com.tr\/index.php\/wp-json\/wp\/v2\/pages\/908\/revisions"}],"predecessor-version":[{"id":910,"href":"https:\/\/www.turkojen.com.tr\/index.php\/wp-json\/wp\/v2\/pages\/908\/revisions\/910"}],"up":[{"embeddable":true,"href":"https:\/\/www.turkojen.com.tr\/index.php\/wp-json\/wp\/v2\/pages\/873"}],"wp:featuredmedia":[{"embeddable":true,"href":"https:\/\/www.turkojen.com.tr\/index.php\/wp-json\/wp\/v2\/media\/982"}],"wp:attachment":[{"href":"https:\/\/www.turkojen.com.tr\/index.php\/wp-json\/wp\/v2\/media?parent=908"}],"curies":[{"name":"wp","href":"https:\/\/api.w.org\/{rel}","templated":true}]}}