{"id":904,"date":"2018-12-20T11:04:44","date_gmt":"2018-12-20T08:04:44","guid":{"rendered":"http:\/\/alfadestek.com\/turkojen\/?page_id=904"},"modified":"2023-07-15T14:05:20","modified_gmt":"2023-07-15T11:05:20","slug":"yavuz-dizel-motorlu-jenerator-2-2","status":"publish","type":"page","link":"https:\/\/www.turkojen.com.tr\/index.php\/urunlerimiz\/jeneratorler\/yavuz-dizel-motorlu-jenerator-2-2\/","title":{"rendered":"Cummins Jenerat\u00f6r"},"content":{"rendered":"<p>[vc_row][vc_column width=&#8221;1\/4&#8243;][vc_column_text]<img loading=\"lazy\" class=\"alignnone wp-image-905 size-full\" src=\"https:\/\/www.turkojen.com.tr\/wp-content\/uploads\/2018\/12\/cummins-jenerator-1.png\" alt=\"\" width=\"250\" height=\"250\" srcset=\"https:\/\/www.turkojen.com.tr\/wp-content\/uploads\/2018\/12\/cummins-jenerator-1.png 250w, https:\/\/www.turkojen.com.tr\/wp-content\/uploads\/2018\/12\/cummins-jenerator-1-150x150.png 150w\" sizes=\"(max-width: 250px) 100vw, 250px\" \/><\/p>\n<p><img loading=\"lazy\" class=\"alignnone wp-image-906 size-full\" src=\"https:\/\/www.turkojen.com.tr\/wp-content\/uploads\/2018\/12\/belegelr-icon-1-260x230.jpg\" alt=\"\" width=\"260\" height=\"230\" \/>[\/vc_column_text][\/vc_column][vc_column width=&#8221;3\/4&#8243;][vc_column_text]<\/p>\n<div class=\"urunler-grid-ic\">\n<p><strong>CUMMINS Motor<\/strong><\/p>\n<p>Dizel Jenerat\u00f6r\u2018\u00fcn vazge\u00e7ilmez motoru, Cummins Dizel Motorlu Jenerat\u00f6r a\u011f\u0131r hizmet tipi dizel motordur.4 Zamanl\u0131 \u00e7al\u0131\u015fma prensibi yan\u0131 s\u0131ra su so\u011futmas\u0131, direkt enjeksiyonlu yak\u0131t ve mekanik governor sistemine de sahiptir.De\u011fi\u015ftirilebilir silindir g\u00f6mlekleri sayesinde kullan\u0131\u015fl\u0131 Jenerat\u00f6r modelidir.<\/p>\n<p>Dizel Jenerat\u00f6r\u2018\u00fcn vazge\u00e7ilmez motoru, Cummins Dizel Motorlu Jenerat\u00f6r a\u011f\u0131r hizmet tipi dizel motordur.4 Zamanl\u0131 \u00e7al\u0131\u015fma prensibi yan\u0131 s\u0131ra su so\u011futmas\u0131, direkt enjeksiyonlu yak\u0131t ve mekanik governor sistemine de sahiptir.De\u011fi\u015ftirilebilir silindir g\u00f6mlekleri sayesinde kullan\u0131\u015fl\u0131 Jenerat\u00f6r modelidir.<\/p>\n<p>Esnek yak\u0131t hortumlar\u0131, ya\u011f bo\u015faltma vanas\u0131, end\u00fcstriyel kapasitede susturucu, ceket suyu \u0131s\u0131t\u0131c\u0131s\u0131 ve devre diyagram\u0131 d\u00f6k\u00fcmanlar\u0131 ile kullan\u0131m-bak\u0131m el kitap\u00e7\u0131\u011f\u0131 ile enerji ihtiyac\u0131n\u0131za uygun \u00e7\u00f6z\u00fcmlerle sunulmaktad\u0131r.<\/p>\n<p><strong>Alternat\u00f6r<\/strong><\/p>\n<p>Jenerat\u00f6r ; F\u0131r\u00e7as\u0131z, tek yatakl\u0131, 4 kutuplu, H izolasyon s\u0131n\u0131f\u0131 IP21-23 koruma standart\u0131, kendinden ikazl\u0131 ve reg\u00fclasyonlu ile otomatik voltaj reg\u00fclat\u00f6rl\u00fcd\u00fcr.<\/p>\n<p><strong>Otomatik Kontrol Paneli<\/strong><\/p>\n<p>Otomatik Jenerat\u00f6r kumanda panolar\u0131nda ihtiya\u00e7 duyulan t\u00fcm g\u00f6stergeleri ve panolar\u0131 dijital olarak i\u00e7eren mikro i\u015flemci kontroll\u00fc cihaz\u0131m\u0131z elektronik otomatik kontrol \u00fcnitesi ile s\u0131n\u0131f\u0131n\u0131n en iyi Jenera\u00f6r Modelidir.<\/p>\n<p>Ayr\u0131ca, \u00e7al\u0131\u015fma saatli, manuel-otomatik se\u00e7imi sa\u011flayan se\u00e7ici \u015falter, acil durumlar i\u00e7in stop butonu, \u015farj lambas\u0131 ve mar\u015f anahtar\u0131 da mevcuttur.<\/p>\n<\/div>\n<div class=\"clear\"><\/div>\n<div class=\"urunler-grid-ic\">\n<h2>Teknik \u00d6zellik Tablolar\u0131<\/h2>\n<div class=\"tablo2\">\n<table>\n<tbody>\n<tr>\n<td rowspan=\"5\">GEN-SET<\/td>\n<td>Model<\/td>\n<td>M-C44<\/td>\n<td>M-C70<\/td>\n<td>M-C110<\/td>\n<td>M-C150<\/td>\n<td>M-C220<\/td>\n<td>M-C275<\/td>\n<\/tr>\n<tr>\n<td>kVA \/ Stand By<\/td>\n<td>44<\/td>\n<td>70<\/td>\n<td>110<\/td>\n<td>150<\/td>\n<td>220<\/td>\n<td>275<\/td>\n<\/tr>\n<tr>\n<td>kW \/ Stand By<\/td>\n<td>35<\/td>\n<td>55<\/td>\n<td>88<\/td>\n<td>121<\/td>\n<td>172<\/td>\n<td>220<\/td>\n<\/tr>\n<tr>\n<td>kVA Prime<\/td>\n<td>40<\/td>\n<td>96<\/td>\n<td>100<\/td>\n<td>138<\/td>\n<td>200<\/td>\n<td>222<\/td>\n<\/tr>\n<tr>\n<td>kW Prime<\/td>\n<td>32<\/td>\n<td>50<\/td>\n<td>80<\/td>\n<td>110<\/td>\n<td>160<\/td>\n<td>200<\/td>\n<\/tr>\n<tr>\n<td rowspan=\"7\">MOTOR<\/td>\n<td>Motor Modeli<\/td>\n<td>4BT3.9-G2<\/td>\n<td>4BTA3.9-G2<\/td>\n<td>6BT5.9-G2<\/td>\n<td>6BTAA5.9-G2<\/td>\n<td>6CTAA8.3-G2<\/td>\n<td>NT855-GA<\/td>\n<\/tr>\n<tr>\n<td>Silindir Say\u0131s\u0131 ve Dizili\u015fi<\/td>\n<td>4L<\/td>\n<td>4L<\/td>\n<td>6L<\/td>\n<td>6L<\/td>\n<td>6L<\/td>\n<td>6L<\/td>\n<\/tr>\n<tr>\n<td>Silindir \u00e7ap\u0131 (mm)<\/td>\n<td>102<\/td>\n<td>102<\/td>\n<td>102<\/td>\n<td>102<\/td>\n<td>114<\/td>\n<td>140<\/td>\n<\/tr>\n<tr>\n<td>Silindir Strok (mm)<\/td>\n<td>120<\/td>\n<td>120<\/td>\n<td>120<\/td>\n<td>120<\/td>\n<td>135<\/td>\n<td>152<\/td>\n<\/tr>\n<tr>\n<td>Silindir Hacmi (lt)<\/td>\n<td>3,9<\/td>\n<td>3,9<\/td>\n<td>5,88<\/td>\n<td>5,88<\/td>\n<td>8,3<\/td>\n<td>14<\/td>\n<\/tr>\n<tr>\n<td>So\u011futma Sistemi<\/td>\n<td colspan=\"6\">Radyat\u00f6r \u0130le So\u011futmal\u0131<\/td>\n<\/tr>\n<tr>\n<td>Yak\u0131t Sarfiyat\u0131 &#8211; Lt\/Saat<\/td>\n<td>9,2<\/td>\n<td>11,8<\/td>\n<td>18<\/td>\n<td>24<\/td>\n<td>45<\/td>\n<td>62<\/td>\n<\/tr>\n<tr>\n<td rowspan=\"7\">ALTERNAT\u00d6R<\/td>\n<td>Tipi<\/td>\n<td colspan=\"6\">3 Fazl\u0131, Tek Yatakl\u0131, 4 Kutuplu, Senkron, F\u0131r\u00e7as\u0131z, Kendinden \u0130kazl\u0131<\/td>\n<\/tr>\n<tr>\n<td>\u00c7\u0131k\u0131\u015f Voltaj\u0131<\/td>\n<td colspan=\"6\">231 \/ 400 V<\/td>\n<\/tr>\n<tr>\n<td>\u00c7\u0131k\u0131\u015f Frekans\u0131<\/td>\n<td colspan=\"6\">50 Hz.<\/td>\n<\/tr>\n<tr>\n<td>\u0130zolasyon S\u0131n\u0131f\u0131<\/td>\n<td colspan=\"6\">H<\/td>\n<\/tr>\n<tr>\n<td>Koruma S\u0131n\u0131f\u0131<\/td>\n<td colspan=\"6\">IP 23<\/td>\n<\/tr>\n<tr>\n<td>Cos\u03b1<\/td>\n<td colspan=\"6\">0,8<\/td>\n<\/tr>\n<tr>\n<td>Voltaj Reg\u00fclasyonu<\/td>\n<td colspan=\"6\">Elektronik<\/td>\n<\/tr>\n<tr>\n<td rowspan=\"4\">BOYUTLAR<\/td>\n<td>Uzunluk (mm)<\/td>\n<td>1680<\/td>\n<td>1800<\/td>\n<td>2100<\/td>\n<td>2240<\/td>\n<td>2560<\/td>\n<td>2950<\/td>\n<\/tr>\n<tr>\n<td>Geni\u015flik (mm)<\/td>\n<td>750<\/td>\n<td>750<\/td>\n<td>830<\/td>\n<td>880<\/td>\n<td>880<\/td>\n<td>970<\/td>\n<\/tr>\n<tr>\n<td>Y\u00fckseklik (mm)<\/td>\n<td>1380<\/td>\n<td>1380<\/td>\n<td>1460<\/td>\n<td>1520<\/td>\n<td>1150<\/td>\n<td>1650<\/td>\n<\/tr>\n<tr>\n<td>A\u011f\u0131rl\u0131k (mm)<\/td>\n<td>1070<\/td>\n<td>1070<\/td>\n<td>1200<\/td>\n<td>1400<\/td>\n<td>1700<\/td>\n<td>3100<\/td>\n<\/tr>\n<\/tbody>\n<\/table>\n<\/div>\n<\/div>\n<div class=\"clear\"><\/div>\n<div class=\"urunler-grid-ic\">\n<div class=\"tablo2\">\n<table>\n<tbody>\n<tr>\n<td rowspan=\"5\">GEN-SET<\/td>\n<td>Model<\/td>\n<td>M-C303<\/td>\n<td>M-C415<\/td>\n<td>M-C450<\/td>\n<td>M-C550<\/td>\n<td>M-C688<\/td>\n<td>M-C1000<\/td>\n<\/tr>\n<tr>\n<td>kVA \/ Stand By<\/td>\n<td>303<\/td>\n<td>415<\/td>\n<td>450<\/td>\n<td>550<\/td>\n<td>688<\/td>\n<td>1000<\/td>\n<\/tr>\n<tr>\n<td>kW \/ Stand By<\/td>\n<td>242<\/td>\n<td>330<\/td>\n<td>360<\/td>\n<td>440<\/td>\n<td>550<\/td>\n<td>800<\/td>\n<\/tr>\n<tr>\n<td>kVA Prime<\/td>\n<td>275<\/td>\n<td>375<\/td>\n<td>412<\/td>\n<td>500<\/td>\n<td>625<\/td>\n<td>900<\/td>\n<\/tr>\n<tr>\n<td>kW Prime<\/td>\n<td>220<\/td>\n<td>300<\/td>\n<td>330<\/td>\n<td>400<\/td>\n<td>500<\/td>\n<td>720<\/td>\n<\/tr>\n<tr>\n<td rowspan=\"7\">MOTOR<\/td>\n<td>Motor Modeli<\/td>\n<td>NT855-GA<\/td>\n<td>NTAA855G7<\/td>\n<td>NTAA855-G7A<\/td>\n<td>KTA19G4<\/td>\n<td>KTAA19G7<\/td>\n<td>KTA38-G2A<\/td>\n<\/tr>\n<tr>\n<td>Silindir Say\u0131s\u0131 ve Dizili\u015fi<\/td>\n<td>6L<\/td>\n<td>6L<\/td>\n<td>6L<\/td>\n<td>6L<\/td>\n<td>6L<\/td>\n<td>12V<\/td>\n<\/tr>\n<tr>\n<td>Silindir \u00e7ap\u0131 (mm)<\/td>\n<td>140<\/td>\n<td>140<\/td>\n<td>140<\/td>\n<td>159<\/td>\n<td>159<\/td>\n<td>159<\/td>\n<\/tr>\n<tr>\n<td>Silindir Strok (mm)<\/td>\n<td>152<\/td>\n<td>152<\/td>\n<td>152<\/td>\n<td>159<\/td>\n<td>159<\/td>\n<td>159<\/td>\n<\/tr>\n<tr>\n<td>Silindir Hacmi (lt)<\/td>\n<td>14<\/td>\n<td>14<\/td>\n<td>14<\/td>\n<td>18,9<\/td>\n<td>18,9<\/td>\n<td>37,8<\/td>\n<\/tr>\n<tr>\n<td>So\u011futma Sistemi<\/td>\n<td colspan=\"6\">Radyat\u00d6r \u0130le So\u011futmal\u0131<\/td>\n<\/tr>\n<tr>\n<td>Yak\u0131t Sarfiyat\u0131 &#8211; Lt\/Saat<\/td>\n<td>62<\/td>\n<td>83<\/td>\n<td>91,3<\/td>\n<td>107<\/td>\n<td>142<\/td>\n<td>181,3<\/td>\n<\/tr>\n<tr>\n<td rowspan=\"7\">ALTERNAT\u00d6R<\/td>\n<td>Tipi<\/td>\n<td colspan=\"6\">3 Fazl\u0131, Tek Yatakl\u0131, 4 Kutuplu, Senkron, F\u0131r\u00e7as\u0131z, Kendinden \u0130kazl\u0131,<\/td>\n<\/tr>\n<tr>\n<td>\u00c7\u0131k\u0131\u015f Voltaj\u0131<\/td>\n<td colspan=\"6\">231 \/ 400 V<\/td>\n<\/tr>\n<tr>\n<td>\u00c7\u0131k\u0131\u015f Frekans\u0131<\/td>\n<td colspan=\"6\">50 Hz.<\/td>\n<\/tr>\n<tr>\n<td>\u0130zolasyon S\u0131n\u0131f\u0131<\/td>\n<td colspan=\"6\">H<\/td>\n<\/tr>\n<tr>\n<td>Koruma S\u0131n\u0131f\u0131<\/td>\n<td colspan=\"6\">IP 23<\/td>\n<\/tr>\n<tr>\n<td>Cos\u03b1<\/td>\n<td colspan=\"6\">0,8<\/td>\n<\/tr>\n<tr>\n<td>Voltaj Reg\u00fclasyonu<\/td>\n<td colspan=\"6\">Elektronik<\/td>\n<\/tr>\n<tr>\n<td rowspan=\"4\">BOYUTLAR<\/td>\n<td>Uzunluk (mm)<\/td>\n<td>2950<\/td>\n<td>3000<\/td>\n<td>3350<\/td>\n<td>3475<\/td>\n<td>3590<\/td>\n<td>4240<\/td>\n<\/tr>\n<tr>\n<td>Geni\u015flik (mm)<\/td>\n<td>972<\/td>\n<td>970<\/td>\n<td>1340<\/td>\n<td>1920<\/td>\n<td>1920<\/td>\n<td>1630<\/td>\n<\/tr>\n<tr>\n<td>Y\u00fckseklik (mm)<\/td>\n<td>1650<\/td>\n<td>1650<\/td>\n<td>1650<\/td>\n<td>1920<\/td>\n<td>2379<\/td>\n<td>2250<\/td>\n<\/tr>\n<tr>\n<td>A\u011f\u0131rl\u0131k (mm)<\/td>\n<td>3100<\/td>\n<td>3750<\/td>\n<td>3750<\/td>\n<td>4800<\/td>\n<td>4800<\/td>\n<td>8950<\/td>\n<\/tr>\n<\/tbody>\n<\/table>\n<\/div>\n<\/div>\n<p>[\/vc_column_text][\/vc_column][\/vc_row]<\/p>\n","protected":false},"excerpt":{"rendered":"<p>[vc_row][vc_column width=&#8221;1\/4&#8243;][vc_column_text] [\/vc_column_text][\/vc_column][vc_column width=&#8221;3\/4&#8243;][vc_column_text] CUMMINS Motor Dizel Jenerat\u00f6r\u2018\u00fcn vazge\u00e7ilmez motoru, Cummins Dizel Motorlu Jenerat\u00f6r a\u011f\u0131r hizmet tipi dizel motordur.4 Zamanl\u0131 \u00e7al\u0131\u015fma prensibi yan\u0131 s\u0131ra su so\u011futmas\u0131, direkt enjeksiyonlu yak\u0131t ve mekanik governor sistemine de sahiptir.De\u011fi\u015ftirilebilir silindir g\u00f6mlekleri sayesinde kullan\u0131\u015fl\u0131 Jenerat\u00f6r modelidir. Dizel Jenerat\u00f6r\u2018\u00fcn vazge\u00e7ilmez motoru, Cummins Dizel Motorlu Jenerat\u00f6r a\u011f\u0131r hizmet tipi dizel motordur.4 Zamanl\u0131 [&hellip;]<\/p>\n","protected":false},"author":1,"featured_media":983,"parent":873,"menu_order":0,"comment_status":"closed","ping_status":"closed","template":"","meta":[],"_links":{"self":[{"href":"https:\/\/www.turkojen.com.tr\/index.php\/wp-json\/wp\/v2\/pages\/904"}],"collection":[{"href":"https:\/\/www.turkojen.com.tr\/index.php\/wp-json\/wp\/v2\/pages"}],"about":[{"href":"https:\/\/www.turkojen.com.tr\/index.php\/wp-json\/wp\/v2\/types\/page"}],"author":[{"embeddable":true,"href":"https:\/\/www.turkojen.com.tr\/index.php\/wp-json\/wp\/v2\/users\/1"}],"replies":[{"embeddable":true,"href":"https:\/\/www.turkojen.com.tr\/index.php\/wp-json\/wp\/v2\/comments?post=904"}],"version-history":[{"count":2,"href":"https:\/\/www.turkojen.com.tr\/index.php\/wp-json\/wp\/v2\/pages\/904\/revisions"}],"predecessor-version":[{"id":1014,"href":"https:\/\/www.turkojen.com.tr\/index.php\/wp-json\/wp\/v2\/pages\/904\/revisions\/1014"}],"up":[{"embeddable":true,"href":"https:\/\/www.turkojen.com.tr\/index.php\/wp-json\/wp\/v2\/pages\/873"}],"wp:featuredmedia":[{"embeddable":true,"href":"https:\/\/www.turkojen.com.tr\/index.php\/wp-json\/wp\/v2\/media\/983"}],"wp:attachment":[{"href":"https:\/\/www.turkojen.com.tr\/index.php\/wp-json\/wp\/v2\/media?parent=904"}],"curies":[{"name":"wp","href":"https:\/\/api.w.org\/{rel}","templated":true}]}}