{"id":900,"date":"2018-12-20T11:02:34","date_gmt":"2018-12-20T08:02:34","guid":{"rendered":"http:\/\/alfadestek.com\/turkojen\/?page_id=900"},"modified":"2018-12-21T17:35:15","modified_gmt":"2018-12-21T14:35:15","slug":"yavuz-dizel-motorlu-jenerator","status":"publish","type":"page","link":"https:\/\/www.turkojen.com.tr\/index.php\/urunlerimiz\/jeneratorler\/yavuz-dizel-motorlu-jenerator\/","title":{"rendered":"Ricardo Jenerat\u00f6r"},"content":{"rendered":"<p>[vc_row][vc_column width=&#8221;1\/4&#8243;][vc_column_text]<img loading=\"lazy\" class=\"alignnone size-medium wp-image-902\" src=\"http:\/\/alfadestek.com\/turkojen\/wp-content\/uploads\/2018\/12\/ricardo-jenerator-300x241.png\" alt=\"\" width=\"300\" height=\"241\" srcset=\"https:\/\/www.turkojen.com.tr\/wp-content\/uploads\/2018\/12\/ricardo-jenerator-300x241.png 300w, https:\/\/www.turkojen.com.tr\/wp-content\/uploads\/2018\/12\/ricardo-jenerator.png 742w\" sizes=\"(max-width: 300px) 100vw, 300px\" \/>[\/vc_column_text][\/vc_column][vc_column width=&#8221;3\/4&#8243;][vc_column_text]<\/p>\n<div class=\"urunler-grid-ic\">\n<h2>Teknik \u00d6zellik Tablolar\u0131<\/h2>\n<table>\n<tbody>\n<tr>\n<td colspan=\"13\">TRD 35-306 kVA Serisi<\/td>\n<\/tr>\n<tr>\n<td colspan=\"3\">MODEL<\/td>\n<td>TRD 35<\/td>\n<td>TRD 50<\/td>\n<td>TRD 75<\/td>\n<td>TRD 110<\/td>\n<td>TRD 125<\/td>\n<td>TRD 150<\/td>\n<td>TRD 165<\/td>\n<td>TRD 210<\/td>\n<td>TRD 242<\/td>\n<td>TRD 306<\/td>\n<\/tr>\n<tr>\n<td rowspan=\"4\">G\u00fcc\u00fc<br \/>\nG\u00fc\u00e7 Fakt\u00f6r\u00fc: 0,8<\/td>\n<td rowspan=\"2\">Stand By<\/td>\n<td>kVA<\/td>\n<td>35<\/td>\n<td>50<\/td>\n<td>75<\/td>\n<td>110<\/td>\n<td>125<\/td>\n<td>150<\/td>\n<td>165<\/td>\n<td>210<\/td>\n<td>242<\/td>\n<td>306<\/td>\n<\/tr>\n<tr>\n<td>kW<\/td>\n<td>28<\/td>\n<td>40<\/td>\n<td>60<\/td>\n<td>88<\/td>\n<td>100<\/td>\n<td>120<\/td>\n<td>132<\/td>\n<td>168<\/td>\n<td>194<\/td>\n<td>245<\/td>\n<\/tr>\n<tr>\n<td rowspan=\"2\">Prime<\/td>\n<td>kVA<\/td>\n<td>31<\/td>\n<td>45<\/td>\n<td>68<\/td>\n<td>100<\/td>\n<td>113<\/td>\n<td>136<\/td>\n<td>150<\/td>\n<td>190<\/td>\n<td>218<\/td>\n<td>275<\/td>\n<\/tr>\n<tr>\n<td>kW<\/td>\n<td>25<\/td>\n<td>36<\/td>\n<td>54<\/td>\n<td>80<\/td>\n<td>90<\/td>\n<td>108<\/td>\n<td>120<\/td>\n<td>152<\/td>\n<td>174<\/td>\n<td>220<\/td>\n<\/tr>\n<\/tbody>\n<\/table>\n<\/div>\n<div class=\"clear\"><\/div>\n<div class=\"urunler-grid-ic\">\n<div class=\"tablo2\">\n<table>\n<tbody>\n<tr>\n<td colspan=\"2\">MARKA<\/td>\n<td colspan=\"10\">RICARDO<\/td>\n<\/tr>\n<tr>\n<td colspan=\"2\">MODEL<\/td>\n<td>R 3105 D<\/td>\n<td>R 4105 D<\/td>\n<td>R 4105 ZD<\/td>\n<td>R 6105 ZD<\/td>\n<td>R 6105 ZLD<\/td>\n<td>R 6105 AZLD<\/td>\n<td>R 6105 IZLD<\/td>\n<td>R 6113 ZLD<\/td>\n<td>R 6126 ZLD3<\/td>\n<td>R 6126 ZLD4<\/td>\n<\/tr>\n<tr>\n<td colspan=\"2\">T\u0130P\u0130<\/td>\n<td colspan=\"10\">Direk Enjeksiyonlu<\/td>\n<\/tr>\n<tr>\n<td rowspan=\"2\">G\u00fcc\u00fc, Prime 1500 D\/D<\/td>\n<td>kWm<\/td>\n<td>26,5<\/td>\n<td>46,2<\/td>\n<td>62<\/td>\n<td>93<\/td>\n<td>110<\/td>\n<td>121<\/td>\n<td>145<\/td>\n<td>171<\/td>\n<td>197<\/td>\n<td>250<\/td>\n<\/tr>\n<tr>\n<td>hp<\/td>\n<td>35,3<\/td>\n<td>63<\/td>\n<td>84<\/td>\n<td>127<\/td>\n<td>150<\/td>\n<td>165<\/td>\n<td>197,2<\/td>\n<td>233<\/td>\n<td>268<\/td>\n<td>340<\/td>\n<\/tr>\n<tr>\n<td>Silindir Hacmi<\/td>\n<td>Litre<\/td>\n<td>3,117<\/td>\n<td>4,33<\/td>\n<td>4,33<\/td>\n<td>6,49<\/td>\n<td>6,49<\/td>\n<td>6,75<\/td>\n<td>7,01<\/td>\n<td>7,52<\/td>\n<td>9,7<\/td>\n<td>11,6<\/td>\n<\/tr>\n<tr>\n<td colspan=\"2\">Silindir Say\u0131s\u0131 ve Tipi<\/td>\n<td>3 s\u0131ra<\/td>\n<td>4 s\u0131ra<\/td>\n<td>4 s\u0131ra<\/td>\n<td>6 s\u0131ra<\/td>\n<td>6 s\u0131ra<\/td>\n<td>6 s\u0131ra<\/td>\n<td>6 s\u0131ra<\/td>\n<td>6 s\u0131ra<\/td>\n<td>6 s\u0131ra<\/td>\n<td>6 s\u0131ra<\/td>\n<\/tr>\n<tr>\n<td colspan=\"2\">Silindir Dizili\u015fi<\/td>\n<td>1 &#8211; 2 &#8211; 3<\/td>\n<td>1 &#8211; 3 &#8211; 4 &#8211; 2<\/td>\n<td>1 &#8211; 3 &#8211; 4 &#8211; 2<\/td>\n<td>1 &#8211; 5 &#8211; 3 &#8211; 6 &#8211; 2 &#8211; 4<\/td>\n<td>1 &#8211; 5 &#8211; 3 &#8211; 6 &#8211; 2 &#8211; 4<\/td>\n<td>1 &#8211; 5 &#8211; 3 &#8211; 6 &#8211; 2 &#8211; 4<\/td>\n<td>1 &#8211; 5 &#8211; 3 &#8211; 6 &#8211; 2 &#8211; 4<\/td>\n<td>1 &#8211; 5 &#8211; 3 &#8211; 6 &#8211; 2 &#8211; 4<\/td>\n<td>1 &#8211; 5 &#8211; 3 &#8211; 6 &#8211; 2 &#8211; 4<\/td>\n<td>1 &#8211; 5 &#8211; 3 &#8211; 6 &#8211; 2 &#8211; 4<\/td>\n<\/tr>\n<tr>\n<td colspan=\"2\">Aspirasyon ve So\u011futma<\/td>\n<td>Tabii Emi\u015fli<\/td>\n<td>Tabii Emi\u015fli<\/td>\n<td>Turbo \u015earjl\u0131<\/td>\n<td>Turbo \u015earjl\u0131<\/td>\n<td colspan=\"6\">Turbo \u015earjl\u0131 Aftercooler<\/td>\n<\/tr>\n<tr>\n<td>Motor Devri<\/td>\n<td>d. \/dk<\/td>\n<td>1500<\/td>\n<td>1500<\/td>\n<td>1500<\/td>\n<td>1500<\/td>\n<td>1500<\/td>\n<td>1500<\/td>\n<td>1500<\/td>\n<td>1500<\/td>\n<td>1500<\/td>\n<td>1500<\/td>\n<\/tr>\n<tr>\n<td>Bore ve Stroke<\/td>\n<td>mm x mm<\/td>\n<td>105 x 120<\/td>\n<td>105 x 125<\/td>\n<td>100 x 125<\/td>\n<td>105 x 125<\/td>\n<td>105 x 125<\/td>\n<td>105 x 130<\/td>\n<td>105 x 135<\/td>\n<td>113 x 125<\/td>\n<td>113 x 125<\/td>\n<td>113 x 125<\/td>\n<\/tr>\n<tr>\n<td colspan=\"2\">S\u0131k\u0131\u015ft\u0131rma Oran\u0131<\/td>\n<td>17:01<\/td>\n<td>17:01<\/td>\n<td>16:01<\/td>\n<td>16:01<\/td>\n<td>16:01<\/td>\n<td>16:01<\/td>\n<td>16:01<\/td>\n<td>17:01<\/td>\n<td>17:01<\/td>\n<td>17:01<\/td>\n<\/tr>\n<tr>\n<td colspan=\"2\">Govern\u00f6r S\u0131n\u0131f\u0131<\/td>\n<td colspan=\"10\">Mekanik \/ Elektronik<\/td>\n<\/tr>\n<tr>\n<td>Tam Y\u00fckte Yak\u0131t Sarfiyat\u0131<\/td>\n<td>g \/ kW x h<\/td>\n<td>231<\/td>\n<td>231<\/td>\n<td>231<\/td>\n<td>224<\/td>\n<td>218<\/td>\n<td>218<\/td>\n<td>218<\/td>\n<td>218<\/td>\n<td>224<\/td>\n<td>245<\/td>\n<\/tr>\n<tr>\n<td>Yak\u0131t Tank\u0131 Kapasitesi<\/td>\n<td>Litre<\/td>\n<td>130<\/td>\n<td>140<\/td>\n<td>150<\/td>\n<td>180<\/td>\n<td>220<\/td>\n<td>250<\/td>\n<td>250<\/td>\n<td>250<\/td>\n<td>300<\/td>\n<td>300<\/td>\n<\/tr>\n<tr>\n<td>Ya\u011f Kapasitesi<\/td>\n<td>Litre<\/td>\n<td>6<\/td>\n<td>13<\/td>\n<td>13<\/td>\n<td>18<\/td>\n<td>18<\/td>\n<td>18<\/td>\n<td>18<\/td>\n<td>18<\/td>\n<td>22<\/td>\n<td>22<\/td>\n<\/tr>\n<tr>\n<td>Su Kapasitesi (Rad. ve Motor)<\/td>\n<td>Litre<\/td>\n<td>12<\/td>\n<td>16<\/td>\n<td>16<\/td>\n<td>23<\/td>\n<td>23<\/td>\n<td>25<\/td>\n<td>25<\/td>\n<td>25<\/td>\n<td>30<\/td>\n<td>30<\/td>\n<\/tr>\n<tr>\n<td>Egzoztan At\u0131lan Gaz Miktar\u0131<\/td>\n<td>m\u00b3 \/ dak<\/td>\n<td>4,9<\/td>\n<td>6,7<\/td>\n<td>11,5<\/td>\n<td>17<\/td>\n<td>19<\/td>\n<td>27<\/td>\n<td>29<\/td>\n<td>31<\/td>\n<td>37<\/td>\n<td>37<\/td>\n<\/tr>\n<tr>\n<td>Emilen Hava Miktar\u0131<\/td>\n<td>m\u00b3 \/ dak<\/td>\n<td>1,86<\/td>\n<td>2,4<\/td>\n<td>3,5<\/td>\n<td>10<\/td>\n<td>10,3<\/td>\n<td>10,5<\/td>\n<td>11,5<\/td>\n<td>13<\/td>\n<td>18<\/td>\n<td>18<\/td>\n<\/tr>\n<tr>\n<td>A\u011f\u0131rl\u0131\u011f\u0131<\/td>\n<td>kg<\/td>\n<td>390<\/td>\n<td>420<\/td>\n<td>435<\/td>\n<td>570<\/td>\n<td>620<\/td>\n<td>620<\/td>\n<td>620<\/td>\n<td>620<\/td>\n<td>825<\/td>\n<td>943<\/td>\n<\/tr>\n<\/tbody>\n<\/table>\n<\/div>\n<\/div>\n<div class=\"clear\"><\/div>\n<div class=\"urunler-grid-ic\">\n<div class=\"tablo2\">\n<table>\n<tbody>\n<tr>\n<td colspan=\"2\">MARKASI<\/td>\n<td>GENTECH<\/td>\n<\/tr>\n<tr>\n<td>\u00c7\u0131k\u0131\u015f Gerilimi<\/td>\n<td>V<\/td>\n<td>230 \/ 400<\/td>\n<\/tr>\n<tr>\n<td>Frekans<\/td>\n<td>Hz<\/td>\n<td>50<\/td>\n<\/tr>\n<tr>\n<td colspan=\"2\">Otomatik Voltaj Reg\u00fclasyonu<\/td>\n<td>\u00b1%2<\/td>\n<\/tr>\n<\/tbody>\n<\/table>\n<\/div>\n<\/div>\n<p>[\/vc_column_text][\/vc_column][\/vc_row]<\/p>\n","protected":false},"excerpt":{"rendered":"<p>[vc_row][vc_column width=&#8221;1\/4&#8243;][vc_column_text][\/vc_column_text][\/vc_column][vc_column width=&#8221;3\/4&#8243;][vc_column_text] Teknik \u00d6zellik Tablolar\u0131 TRD 35-306 kVA Serisi MODEL TRD 35 TRD 50 TRD 75 TRD 110 TRD 125 TRD 150 TRD 165 TRD 210 TRD 242 TRD 306 G\u00fcc\u00fc G\u00fc\u00e7 Fakt\u00f6r\u00fc: 0,8 Stand By kVA 35 50 75 110 125 150 165 210 242 306 kW 28 40 60 88 100 120 [&hellip;]<\/p>\n","protected":false},"author":1,"featured_media":984,"parent":873,"menu_order":0,"comment_status":"closed","ping_status":"closed","template":"","meta":[],"_links":{"self":[{"href":"https:\/\/www.turkojen.com.tr\/index.php\/wp-json\/wp\/v2\/pages\/900"}],"collection":[{"href":"https:\/\/www.turkojen.com.tr\/index.php\/wp-json\/wp\/v2\/pages"}],"about":[{"href":"https:\/\/www.turkojen.com.tr\/index.php\/wp-json\/wp\/v2\/types\/page"}],"author":[{"embeddable":true,"href":"https:\/\/www.turkojen.com.tr\/index.php\/wp-json\/wp\/v2\/users\/1"}],"replies":[{"embeddable":true,"href":"https:\/\/www.turkojen.com.tr\/index.php\/wp-json\/wp\/v2\/comments?post=900"}],"version-history":[{"count":1,"href":"https:\/\/www.turkojen.com.tr\/index.php\/wp-json\/wp\/v2\/pages\/900\/revisions"}],"predecessor-version":[{"id":903,"href":"https:\/\/www.turkojen.com.tr\/index.php\/wp-json\/wp\/v2\/pages\/900\/revisions\/903"}],"up":[{"embeddable":true,"href":"https:\/\/www.turkojen.com.tr\/index.php\/wp-json\/wp\/v2\/pages\/873"}],"wp:featuredmedia":[{"embeddable":true,"href":"https:\/\/www.turkojen.com.tr\/index.php\/wp-json\/wp\/v2\/media\/984"}],"wp:attachment":[{"href":"https:\/\/www.turkojen.com.tr\/index.php\/wp-json\/wp\/v2\/media?parent=900"}],"curies":[{"name":"wp","href":"https:\/\/api.w.org\/{rel}","templated":true}]}}