{"id":871,"date":"2018-12-19T13:07:03","date_gmt":"2018-12-19T10:07:03","guid":{"rendered":"http:\/\/alfadestek.com\/turkojen\/?page_id=871"},"modified":"2018-12-20T18:16:13","modified_gmt":"2018-12-20T15:16:13","slug":"teklif-al","status":"publish","type":"page","link":"https:\/\/www.turkojen.com.tr\/index.php\/teklif-al\/","title":{"rendered":"TEKL\u0130F AL"},"content":{"rendered":"<div id=\"quform-734dfb\" class=\"quform quform-1 quform-theme-light quform-support-page-caching\"><form id=\"quform-form-734dfb\" class=\"quform-form quform-form-1\" action=\"\/index.php\/wp-json\/wp\/v2\/pages\/871#quform-734dfb\" method=\"post\" enctype=\"multipart\/form-data\" novalidate=\"novalidate\" data-options=\"{&quot;id&quot;:1,&quot;uniqueId&quot;:&quot;734dfb&quot;,&quot;theme&quot;:&quot;light&quot;,&quot;ajax&quot;:true,&quot;logic&quot;:{&quot;logic&quot;:[],&quot;dependents&quot;:[],&quot;elementIds&quot;:[],&quot;dependentElementIds&quot;:[],&quot;animate&quot;:true},&quot;currentPageId&quot;:1,&quot;errorsIcon&quot;:&quot;&quot;,&quot;updateFancybox&quot;:true,&quot;hasPages&quot;:false,&quot;pages&quot;:[1],&quot;pageProgressType&quot;:&quot;numbers&quot;,&quot;tooltipsEnabled&quot;:true,&quot;tooltipClasses&quot;:&quot;qtip-quform-dark qtip-shadow&quot;,&quot;tooltipMy&quot;:&quot;left center&quot;,&quot;tooltipAt&quot;:&quot;right center&quot;,&quot;isRtl&quot;:false,&quot;scrollOffset&quot;:-50,&quot;scrollSpeed&quot;:800}\"><button class=\"quform-default-submit\" name=\"quform_submit\" type=\"submit\" value=\"submit\"><\/button><div class=\"quform-form-inner quform-form-inner-1\"><input type=\"hidden\" name=\"quform_form_id\" value=\"1\" \/><input type=\"hidden\" name=\"quform_form_uid\" value=\"734dfb\" \/><input type=\"hidden\" name=\"quform_count\" value=\"1\" \/><input type=\"hidden\" name=\"form_url\" value=\"https:\/\/www.turkojen.com.tr\/index.php\/wp-json\/wp\/v2\/pages\/871\" \/><input type=\"hidden\" name=\"referring_url\" value=\"\" \/><input type=\"hidden\" name=\"post_id\" value=\"\" \/><input type=\"hidden\" name=\"post_title\" value=\"\" \/><input type=\"hidden\" name=\"quform_current_page_id\" value=\"1\" \/><input type=\"hidden\" name=\"quform_csrf_token\" value=\"Bt8VMdNtqtVWGi18ZEE0W0Q2bRzM15pB74DWPmwD\" \/><div class=\"quform-elements quform-elements-1 quform-cf quform-responsive-elements-phone-landscape\"><div class=\"quform-element quform-element-page quform-page-1 quform-page-1_1 quform-cf quform-group-style-plain quform-first-page quform-last-page quform-current-page\"><div class=\"quform-child-elements\"><div class=\"quform-element quform-element-row quform-element-row-1_5 quform-2-columns quform-element-row-size-fixed quform-responsive-columns-phone-landscape\"><div class=\"quform-element quform-element-column quform-element-1_6\"><div class=\"quform-element quform-element-text quform-element-1_3 quform-cf quform-element-required\"><div class=\"quform-spacer\"><div class=\"quform-label quform-label-1_3\"><label class=\"quform-label-text\" for=\"quform_1_3_734dfb\">Ad Soyad<span class=\"quform-required\">*<\/span><\/label><\/div><div class=\"quform-inner quform-inner-text quform-inner-1_3\"><div class=\"quform-input quform-input-text quform-input-1_3 quform-cf\"><input type=\"text\" id=\"quform_1_3_734dfb\" name=\"quform_1_3\" class=\"quform-field quform-field-text quform-field-1_3\" \/><\/div><\/div><\/div><\/div><\/div><div class=\"quform-element quform-element-column quform-element-1_7\"><div class=\"quform-element quform-element-text quform-element-1_4 quform-cf quform-element-required\"><div class=\"quform-spacer\"><div class=\"quform-label quform-label-1_4\"><label class=\"quform-label-text\" for=\"quform_1_4_734dfb\">Telefon<span class=\"quform-required\">*<\/span><\/label><\/div><div class=\"quform-inner quform-inner-text quform-inner-1_4\"><div class=\"quform-input quform-input-text quform-input-1_4 quform-cf\"><input type=\"text\" id=\"quform_1_4_734dfb\" name=\"quform_1_4\" class=\"quform-field quform-field-text quform-field-1_4\" \/><\/div><\/div><\/div><\/div><\/div><\/div><div class=\"quform-element quform-element-row quform-element-row-1_8 quform-2-columns quform-element-row-size-fixed quform-responsive-columns-phone-landscape\"><div class=\"quform-element quform-element-column quform-element-1_9\"><div class=\"quform-element quform-element-text quform-element-1_10 quform-cf quform-element-required\"><div class=\"quform-spacer\"><div class=\"quform-label quform-label-1_10\"><label class=\"quform-label-text\" for=\"quform_1_10_734dfb\">Email<span class=\"quform-required\">*<\/span><\/label><\/div><div class=\"quform-inner quform-inner-text quform-inner-1_10\"><div class=\"quform-input quform-input-text quform-input-1_10 quform-cf\"><input type=\"text\" id=\"quform_1_10_734dfb\" name=\"quform_1_10\" class=\"quform-field quform-field-text quform-field-1_10\" \/><\/div><\/div><\/div><\/div><\/div><div class=\"quform-element quform-element-column quform-element-1_11\"><div class=\"quform-element quform-element-text quform-element-1_12 quform-cf quform-element-optional\"><div class=\"quform-spacer\"><div class=\"quform-label quform-label-1_12\"><label class=\"quform-label-text\" for=\"quform_1_12_734dfb\">Firma Ad\u0131<\/label><\/div><div class=\"quform-inner quform-inner-text quform-inner-1_12\"><div class=\"quform-input quform-input-text quform-input-1_12 quform-cf\"><input type=\"text\" id=\"quform_1_12_734dfb\" name=\"quform_1_12\" class=\"quform-field quform-field-text quform-field-1_12\" \/><\/div><\/div><\/div><\/div><\/div><\/div><div class=\"quform-element quform-element-textarea quform-element-1_13 quform-cf quform-element-required\"><div class=\"quform-spacer\"><div class=\"quform-label quform-label-1_13\"><label class=\"quform-label-text\" for=\"quform_1_13_734dfb\">\u00dcr\u00fcnler<span class=\"quform-required\">*<\/span><\/label><\/div><div class=\"quform-inner quform-inner-textarea quform-inner-1_13\"><div class=\"quform-input quform-input-textarea quform-input-1_13 quform-cf\"><textarea id=\"quform_1_13_734dfb\" name=\"quform_1_13\" class=\"quform-field quform-field-textarea quform-field-1_13\"><\/textarea><\/div><\/div><\/div><\/div><div class=\"quform-element quform-element-captcha quform-element-1_14 quform-cf quform-element-required\"><div class=\"quform-spacer\"><div class=\"quform-label quform-label-1_14\"><label class=\"quform-label-text\" for=\"quform_1_14_734dfb\">L\u00fctfen karakterleri yaz\u0131n<span class=\"quform-required\">*<\/span><\/label><\/div><div class=\"quform-inner quform-inner-captcha quform-inner-1_14\"><div class=\"quform-input quform-input-captcha quform-input-1_14 quform-cf\"><input type=\"text\" id=\"quform_1_14_734dfb\" name=\"quform_1_14\" class=\"quform-field quform-field-captcha quform-field-1_14\" \/><\/div><div class=\"quform-captcha quform-cf\"><div class=\"quform-captcha-image quform-captcha-image-1_14\"><img src=\"data:image\/png;base64,iVBORw0KGgoAAAANSUhEUgAAAOYAAABQBAMAAAD\/1xTgAAAAG1BMVEX\/\/\/8iIiLj4+PHx8esrKyQkJB0dHRZWVk9PT0J7+2gAAAACXBIWXMAAA7EAAAOxAGVKw4bAAADvklEQVRoge1YSVPbMBR25CU5Irbk6EALHBug5RqzDDli9mPTQuiRtEPLsW4Zys\/u02Y\/ySEyE8YHRt8hCfaTPr39Cc9zcHBwcHBweDNYPbjJ2v16+SjDfE2Eio9hrh7KJkU4qoezhyjb9VB6Xcn3Dyz8xyK7fbAfvwZng\/Fd78U+fH+YKkmGINJ5DfO3pBdB3yU7JZBOP1glQAzxbzDt7VTBDemExdk5I8EJ1B3jzX0f\/0XyjJpd0ZDSGL7SUkGI9AdMzeWzb\/D5e2bOgB8cPmlff9Ggi\/tIJfDmEhwuoXRBPfL34hcQrRTCPieDCFo2ZBKWsLkckYcKUajBoh\/V+Hhx7eDNjriz2te6o3iY5jpF8lAJ4uyVY2ASVHFFskOwrSyAX7CoEGS6bXo8pebFCQvO4KYKp4r34vywcpdHUM4gATb\/OuCZkbAEBjt+9oTfUbJUqZZdXnQOzXgh6iioKkSwHzN5n\/AT9sQaX4tbUgqCCWjQh5gxG6KMs3Ov516X6QNMSz73ZCLfjbGMX6VAtLiBslLFuXwEAwcZ1mHI\/AdRSh8yZsFUpLEXjI6LZSH20XNoMs4IRa2GDewr0cAz1eMSyakBysZG58rCGTENk+dO56MkJUJn0V2FbfvizQpWYQ6et8\/vpnGGwAm7HWsP3\/+Su3koh4hoN74ak3pqiIjo33xli96u2+eLs5jn4jJK\/7CYDzLZYxguRQ1al1s2lK8TlB9dcFVUZaZJjaRIi7zEnAo7wuBNtWaIOHtABuVqZctCKazF41cAnXNCLduRbwOZSLjegs79QZWGCos6GRL0i7QMy1PYIK+IYg0bFooWl9JPuA88j9GuR9Jic6bAg\/hZGk\/4OPJd\/GYR\/HgOJQEl97jSrELOuEhUZBvTU77LzL7NXK26VaDqI0rujJZbYBmJMCopKhjJVRmYAdgsTOCJfsqABtJKowpRUZIVouywV7FHDqnpzrHmLH8s6gN6AkdKraNKOIGTn7\/zZOrAHaAV5mBsZHYAhm1ZJlS+DRchKBEjmkNXMymF8fbpnq7BAtM1ns4ZSvNHeDfVsI0ZnZh6GyCjSxZyQ5TqExHIYqCVeeko81oQWuKDvW+fgHFt\/SzjURHqAUouGOOdQTBhFNQgCtrak3UmYj46PS\/tRrY2Y1M0tV27ty8g5PlEOr3Eq8yucLvKqM1TQHvCpzqLdde4546nCzGwEIrtYt7qx3urR9+Nfl5VueUE1a\/d6FYwG8JXufW9DH5t\/0VBSM2LWh3YrJ\/SwcHBwcHBweHt4D+7l5MK6SoumgAAAABJRU5ErkJggg==\" alt=\"CAPTCHA Resmi\" data-element-id=\"14\" width=\"115\" height=\"40\" \/><\/div><\/div><p class=\"quform-description quform-description-below\">Bu spam \u00f6nlememize yard\u0131mc\u0131 olur, te\u015fekk\u00fcrler.<\/p><\/div><\/div><\/div><div class=\"quform-element quform-element-submit quform-element-1_2 quform-cf quform-button-style-theme\"><div class=\"quform-button-submit quform-button-submit-default quform-button-submit-1_2\"><button name=\"quform_submit\" type=\"submit\" class=\"quform-submit\" value=\"submit\"><span class=\"quform-button-text quform-button-submit-text\">G\u00f6nder<\/span><\/button><\/div><div class=\"quform-loading quform-loading-position-left quform-loading-type-spinner-1\"><div class=\"quform-loading-inner\"><div class=\"quform-loading-spinner\"><div class=\"quform-loading-spinner-inner\"><\/div><\/div><\/div><\/div><\/div><div class=\"quform-element-tree\"><label for=\"quform_1_0_734dfb\">Bu alan bo\u015f b\u0131rak\u0131lmal\u0131d\u0131r<\/label><input type=\"text\" id=\"quform_1_0_734dfb\" name=\"quform_1_0\" class=\"quform-field quform-field-tree quform-field-1_0\" tabindex=\"-1\" autocomplete=\"off\" \/><\/div><\/div><\/div><\/div><\/div><\/form><\/div>\n","protected":false},"excerpt":{"rendered":"Ad Soyad*Telefon*Email*Firma Ad\u0131\u00dcr\u00fcnler*L\u00fctfen karakterleri yaz\u0131n*Bu spam \u00f6nlememize yard\u0131mc\u0131 olur, te\u015fekk\u00fcrler.G\u00f6nderBu alan bo\u015f b\u0131rak\u0131lmal\u0131d\u0131r","protected":false},"author":1,"featured_media":0,"parent":0,"menu_order":0,"comment_status":"closed","ping_status":"closed","template":"","meta":[],"_links":{"self":[{"href":"https:\/\/www.turkojen.com.tr\/index.php\/wp-json\/wp\/v2\/pages\/871"}],"collection":[{"href":"https:\/\/www.turkojen.com.tr\/index.php\/wp-json\/wp\/v2\/pages"}],"about":[{"href":"https:\/\/www.turkojen.com.tr\/index.php\/wp-json\/wp\/v2\/types\/page"}],"author":[{"embeddable":true,"href":"https:\/\/www.turkojen.com.tr\/index.php\/wp-json\/wp\/v2\/users\/1"}],"replies":[{"embeddable":true,"href":"https:\/\/www.turkojen.com.tr\/index.php\/wp-json\/wp\/v2\/comments?post=871"}],"version-history":[{"count":3,"href":"https:\/\/www.turkojen.com.tr\/index.php\/wp-json\/wp\/v2\/pages\/871\/revisions"}],"predecessor-version":[{"id":959,"href":"https:\/\/www.turkojen.com.tr\/index.php\/wp-json\/wp\/v2\/pages\/871\/revisions\/959"}],"wp:attachment":[{"href":"https:\/\/www.turkojen.com.tr\/index.php\/wp-json\/wp\/v2\/media?parent=871"}],"curies":[{"name":"wp","href":"https:\/\/api.w.org\/{rel}","templated":true}]}}