{"id":869,"date":"2018-12-19T13:04:00","date_gmt":"2018-12-19T10:04:00","guid":{"rendered":"http:\/\/alfadestek.com\/turkojen\/?page_id=869"},"modified":"2018-12-20T11:38:45","modified_gmt":"2018-12-20T08:38:45","slug":"iletisim","status":"publish","type":"page","link":"https:\/\/www.turkojen.com.tr\/index.php\/iletisim\/","title":{"rendered":"\u0130LET\u0130\u015e\u0130M"},"content":{"rendered":"<p>[vc_row][vc_column width=&#8221;1\/2&#8243;][vc_column_text]<\/p>\n<p style=\"text-align: left;\"><strong>Adres :<\/strong><br \/>\n1169. Sokak (eski 1. sokak) No:74 Ostim \/ ANKARA \u2013 T\u00dcRK\u0130YE<br \/>\n<strong>Telefon :<\/strong>\u00a0+90 312 354 40 88 (pbx)<br \/>\n<strong>Faks :<\/strong>\u00a0+90 312 385 40 88<br \/>\n<strong>E-mail:<\/strong>\u00a0turkojen@turkojen.com.tr<br \/>\n<strong>Web:<\/strong>\u00a0www.turkojen.com.tr[\/vc_column_text][\/vc_column][vc_column width=&#8221;1\/2&#8243;][\/vc_column][\/vc_row][vc_row][vc_column][vc_column_text]<iframe loading=\"lazy\" style=\"border: 0;\" src=\"https:\/\/www.google.com\/maps\/embed?pb=!1m18!1m12!1m3!1d3057.7417585039375!2d32.74660611535372!3d39.96952607941961!2m3!1f0!2f0!3f0!3m2!1i1024!2i768!4f13.1!3m3!1m2!1s0x14d349bb99622e53%3A0x310517ab9f58cc51!2zVMO8cmtvamVu!5e0!3m2!1str!2str!4v1545295104150\" width=\"100%\" height=\"450\" frameborder=\"0\" allowfullscreen=\"allowfullscreen\"><\/iframe>[\/vc_column_text][\/vc_column][\/vc_row]<\/p>\n","protected":false},"excerpt":{"rendered":"<p>[vc_row][vc_column width=&#8221;1\/2&#8243;][vc_column_text] Adres : 1169. Sokak (eski 1. sokak) No:74 Ostim \/ ANKARA \u2013 T\u00dcRK\u0130YE Telefon :\u00a0+90 312 354 40 88 (pbx) Faks :\u00a0+90 312 385 40 88 E-mail:\u00a0turkojen@turkojen.com.tr Web:\u00a0www.turkojen.com.tr[\/vc_column_text][\/vc_column][vc_column width=&#8221;1\/2&#8243;][\/vc_column][\/vc_row][vc_row][vc_column][vc_column_text][\/vc_column_text][\/vc_column][\/vc_row]<\/p>\n","protected":false},"author":1,"featured_media":0,"parent":0,"menu_order":0,"comment_status":"closed","ping_status":"closed","template":"","meta":[],"_links":{"self":[{"href":"https:\/\/www.turkojen.com.tr\/index.php\/wp-json\/wp\/v2\/pages\/869"}],"collection":[{"href":"https:\/\/www.turkojen.com.tr\/index.php\/wp-json\/wp\/v2\/pages"}],"about":[{"href":"https:\/\/www.turkojen.com.tr\/index.php\/wp-json\/wp\/v2\/types\/page"}],"author":[{"embeddable":true,"href":"https:\/\/www.turkojen.com.tr\/index.php\/wp-json\/wp\/v2\/users\/1"}],"replies":[{"embeddable":true,"href":"https:\/\/www.turkojen.com.tr\/index.php\/wp-json\/wp\/v2\/comments?post=869"}],"version-history":[{"count":3,"href":"https:\/\/www.turkojen.com.tr\/index.php\/wp-json\/wp\/v2\/pages\/869\/revisions"}],"predecessor-version":[{"id":947,"href":"https:\/\/www.turkojen.com.tr\/index.php\/wp-json\/wp\/v2\/pages\/869\/revisions\/947"}],"wp:attachment":[{"href":"https:\/\/www.turkojen.com.tr\/index.php\/wp-json\/wp\/v2\/media?parent=869"}],"curies":[{"name":"wp","href":"https:\/\/api.w.org\/{rel}","templated":true}]}}