{"id":867,"date":"2018-12-19T13:03:48","date_gmt":"2018-12-19T10:03:48","guid":{"rendered":"http:\/\/alfadestek.com\/turkojen\/?page_id=867"},"modified":"2018-12-20T10:35:13","modified_gmt":"2018-12-20T07:35:13","slug":"referanslar","status":"publish","type":"page","link":"https:\/\/www.turkojen.com.tr\/index.php\/referanslar\/","title":{"rendered":"REFERANSLAR"},"content":{"rendered":"<p>Ayr\u0131nt\u0131l\u0131 referans bilgisi i\u00e7in firmam\u0131zla irtibat kurunuz.<\/p>\n","protected":false},"excerpt":{"rendered":"<p>Ayr\u0131nt\u0131l\u0131 referans bilgisi i\u00e7in firmam\u0131zla irtibat kurunuz.<\/p>\n","protected":false},"author":1,"featured_media":0,"parent":0,"menu_order":0,"comment_status":"closed","ping_status":"closed","template":"","meta":[],"_links":{"self":[{"href":"https:\/\/www.turkojen.com.tr\/index.php\/wp-json\/wp\/v2\/pages\/867"}],"collection":[{"href":"https:\/\/www.turkojen.com.tr\/index.php\/wp-json\/wp\/v2\/pages"}],"about":[{"href":"https:\/\/www.turkojen.com.tr\/index.php\/wp-json\/wp\/v2\/types\/page"}],"author":[{"embeddable":true,"href":"https:\/\/www.turkojen.com.tr\/index.php\/wp-json\/wp\/v2\/users\/1"}],"replies":[{"embeddable":true,"href":"https:\/\/www.turkojen.com.tr\/index.php\/wp-json\/wp\/v2\/comments?post=867"}],"version-history":[{"count":2,"href":"https:\/\/www.turkojen.com.tr\/index.php\/wp-json\/wp\/v2\/pages\/867\/revisions"}],"predecessor-version":[{"id":887,"href":"https:\/\/www.turkojen.com.tr\/index.php\/wp-json\/wp\/v2\/pages\/867\/revisions\/887"}],"wp:attachment":[{"href":"https:\/\/www.turkojen.com.tr\/index.php\/wp-json\/wp\/v2\/media?parent=867"}],"curies":[{"name":"wp","href":"https:\/\/api.w.org\/{rel}","templated":true}]}}